{"id":171,"date":"2019-05-20T18:59:21","date_gmt":"2019-05-20T18:59:21","guid":{"rendered":"http:\/\/ib-dd.de\/?page_id=171"},"modified":"2020-05-10T17:37:52","modified_gmt":"2020-05-10T17:37:52","slug":"impressum","status":"publish","type":"page","link":"https:\/\/ib-dd.de\/?page_id=171","title":{"rendered":"Impressum"},"content":{"rendered":"<p>[et_pb_section fb_built=&#8220;1&#8243; admin_label=&#8220;Header&#8220; _builder_version=&#8220;3.22.7&#8243; use_background_color_gradient=&#8220;on&#8220; background_color_gradient_start=&#8220;#2bafdb&#8220; background_color_gradient_end=&#8220;rgba(11,100,183,0.71)&#8220; background_color_gradient_overlays_image=&#8220;on&#8220; background_image=&#8220;https:\/\/ib-dd.de\/wp-content\/uploads\/2019\/05\/AdobeStock_215084994_Preview.jpeg&#8220; min_height=&#8220;434px&#8220; custom_padding=&#8220;||0px|||&#8220; global_module=&#8220;286&#8243;][et_pb_row custom_padding=&#8220;0px|||0px||&#8220; custom_margin=&#8220;-60px|auto||auto||&#8220; padding_2_tablet=&#8220;20px|||&#8220; padding_2_last_edited=&#8220;on|phone&#8220; _builder_version=&#8220;3.22.7&#8243; min_height=&#8220;236px&#8220;][et_pb_column type=&#8220;4_4&#8243; _builder_version=&#8220;3.0.47&#8243;][et_pb_image _builder_version=&#8220;3.22.7&#8243;][\/et_pb_image][et_pb_image src=&#8220;https:\/\/ib-dd.de\/wp-content\/uploads\/2019\/06\/LOGO_IRN.png&#8220; align=&#8220;center&#8220; _builder_version=&#8220;3.22.7&#8243;][\/et_pb_image][\/et_pb_column][\/et_pb_row][\/et_pb_section][et_pb_section fb_built=&#8220;1&#8243; _builder_version=&#8220;3.22.7&#8243; custom_padding=&#8220;14px|||||&#8220;][et_pb_row _builder_version=&#8220;3.22.7&#8243;][et_pb_column type=&#8220;1_4&#8243; _builder_version=&#8220;3.22.7&#8243;][\/et_pb_column][et_pb_column type=&#8220;3_4&#8243; _builder_version=&#8220;3.22.7&#8243;][et_pb_text _builder_version=&#8220;3.22.7&#8243; text_font=&#8220;||||||||&#8220; text_font_size_phone=&#8220;14px&#8220; text_font_size_last_edited=&#8220;on|phone&#8220; custom_padding_phone=&#8220;|||50px&#8220; custom_padding_last_edited=&#8220;on|phone&#8220;]<\/p>\n<h1>Impressum<\/h1>\n<p>Ingenieur- und Sachverst\u00e4ndigenb\u00fcro Robert Neumann<br \/> Hechtstra\u00dfe 74<br \/> 01097\u00a0Dresden<br \/> Telefon: +49 174 \/ 3 22 00 28<br \/> Telefax: +49 351 \/ 3 22 74 73<\/p>\n<p>[\/et_pb_text][et_pb_text _builder_version=&#8220;3.22.7&#8243;]<\/p>\n<div class=\"zpRow standard \">\n<div class=\"zpRowInner\">\n<div class=\"zpColumn odd zpColumnWidth1 c12\">\n<div class=\"zpColumnItem\">\n<div id=\"a1356\" data-articleid=\"1356\" class=\"articlearea zpwText\">\n<p>E-Mail:<span> <\/span><a href=\"mailto:post@ib-dd.de\">post@ib-dd.de<\/a><\/p>\n<p>Internet:<span>\u00a0<\/span><a href=\"https:\/\/www.ib-dd.de\/\">www.ib-dd.de<\/a><\/p>\n<p>Eintrag in der Ingenieurkammer Sachsen : 57204<\/p>\n<p>Zust\u00e4ndige Kammer:\u00a0<span style=\"font-size: 18px;\">Ingenieurkammer Sachsen, Annenstra\u00dfe 10, 01067 Dresden<\/span><\/p>\n<p>Berufsbezeichnung: Diplom-Ingenieur (verliehen in der Bundesrepublik Deutschland)<\/p>\n<p>Berufsrechtliche Regelungen: S\u00e4chsisches Ingenieurkammergesetz (S\u00e4chsIngKG)<\/p>\n<p>Umsatzsteuer-Identifikationsnummer: 202 \/ 252 \/ 04218<\/p>\n<p>Inhaltlich Verantwortlicher gem\u00e4\u00df \u00a7 55 Abs. 2 RStV: Robert Neumann<\/p>\n<p>&nbsp;<\/p>\n<\/div>\n<\/div>\n<\/div>\n<\/div>\n<\/div>\n<div class=\"zpRow standard \">\n<div class=\"zpRowInner\">\n<div class=\"zpColumn odd zpColumnWidth1 c12\">\n<div class=\"zpColumnItem\">\n<div id=\"a1357\" data-articleid=\"1357\" class=\"articlearea zpwText\">\n<h2>Haftungshinweis<\/h2>\n<p>Trotz sorgf\u00e4ltiger inhaltlicher Kontrolle \u00fcbernehmen wir keine Haftung f\u00fcr die Inhalte externer Links. F\u00fcr den Inhalt der verlinkten Seiten sind ausschlie\u00dflich deren Betreiber verantwortlich.<\/p>\n<p>&nbsp;<\/p>\n<\/div>\n<\/div>\n<\/div>\n<\/div>\n<\/div>\n<div class=\"zpRow standard \">\n<div class=\"zpRowInner\">\n<div class=\"zpColumn odd zpColumnWidth1 c12\">\n<div class=\"zpColumnItem\">\n<div id=\"a1358\" data-articleid=\"1358\" class=\"articlearea zpwText\">\n<h2>Bildnachweise<\/h2>\n<p>Urheber und Bildquelle der im Layout\u00a0verwendeten Bilder:<br \/> \u00a9 Robert Neumann<br \/> \u00a9 Uladzimir, <a href=\"https:\/\/www.stock.adobe.com\">www.stock.adobe.com<\/a><br \/> \u00a9 google.maps.com, Ausschnitt Karte<\/p>\n<h1 class=\"theme seashell-text text-cap font-bold\"><\/h1>\n<\/div>\n<\/div>\n<\/div>\n<\/div>\n<\/div>\n<p>[\/et_pb_text][\/et_pb_column][\/et_pb_row][\/et_pb_section]<\/p>\n","protected":false},"excerpt":{"rendered":"<p>Impressum Ingenieur- und Sachverst\u00e4ndigenb\u00fcro Robert Neumann Hechtstra\u00dfe 74 01097\u00a0Dresden Telefon: +49 174 \/ 3 22 00 28 Telefax: +49 351 \/ 3 22 74 73 E-Mail: post@ib-dd.de Internet:\u00a0www.ib-dd.de Eintrag in der Ingenieurkammer Sachsen : 57204 Zust\u00e4ndige Kammer:\u00a0Ingenieurkammer Sachsen, Annenstra\u00dfe 10, 01067 Dresden Berufsbezeichnung: Diplom-Ingenieur (verliehen in der Bundesrepublik Deutschland) Berufsrechtliche Regelungen: S\u00e4chsisches Ingenieurkammergesetz (S\u00e4chsIngKG) Umsatzsteuer-Identifikationsnummer: [&hellip;]<\/p>\n","protected":false},"author":1,"featured_media":0,"parent":0,"menu_order":0,"comment_status":"closed","ping_status":"closed","template":"","meta":{"_et_pb_use_builder":"on","_et_pb_old_content":"","_et_gb_content_width":"","footnotes":""},"class_list":["post-171","page","type-page","status-publish","hentry"],"_links":{"self":[{"href":"https:\/\/ib-dd.de\/index.php?rest_route=\/wp\/v2\/pages\/171","targetHints":{"allow":["GET"]}}],"collection":[{"href":"https:\/\/ib-dd.de\/index.php?rest_route=\/wp\/v2\/pages"}],"about":[{"href":"https:\/\/ib-dd.de\/index.php?rest_route=\/wp\/v2\/types\/page"}],"author":[{"embeddable":true,"href":"https:\/\/ib-dd.de\/index.php?rest_route=\/wp\/v2\/users\/1"}],"replies":[{"embeddable":true,"href":"https:\/\/ib-dd.de\/index.php?rest_route=%2Fwp%2Fv2%2Fcomments&post=171"}],"version-history":[{"count":10,"href":"https:\/\/ib-dd.de\/index.php?rest_route=\/wp\/v2\/pages\/171\/revisions"}],"predecessor-version":[{"id":436,"href":"https:\/\/ib-dd.de\/index.php?rest_route=\/wp\/v2\/pages\/171\/revisions\/436"}],"wp:attachment":[{"href":"https:\/\/ib-dd.de\/index.php?rest_route=%2Fwp%2Fv2%2Fmedia&parent=171"}],"curies":[{"name":"wp","href":"https:\/\/api.w.org\/{rel}","templated":true}]}}