{"id":181,"date":"2019-05-20T19:41:14","date_gmt":"2019-05-20T19:41:14","guid":{"rendered":"http:\/\/ib-dd.de\/?page_id=181"},"modified":"2019-06-18T12:05:23","modified_gmt":"2019-06-18T12:05:23","slug":"datenschutz","status":"publish","type":"page","link":"https:\/\/ib-dd.de\/?page_id=181","title":{"rendered":"Datenschutz"},"content":{"rendered":"<p>[et_pb_section fb_built=&#8220;1&#8243; admin_label=&#8220;Header&#8220; _builder_version=&#8220;3.22.7&#8243; use_background_color_gradient=&#8220;on&#8220; background_color_gradient_start=&#8220;#2bafdb&#8220; background_color_gradient_end=&#8220;rgba(11,100,183,0.71)&#8220; background_color_gradient_overlays_image=&#8220;on&#8220; background_image=&#8220;https:\/\/ib-dd.de\/wp-content\/uploads\/2019\/05\/AdobeStock_215084994_Preview.jpeg&#8220; min_height=&#8220;434px&#8220; custom_padding=&#8220;||0px|||&#8220; global_module=&#8220;286&#8243;][et_pb_row custom_padding=&#8220;0px|||0px||&#8220; custom_margin=&#8220;-60px|auto||auto||&#8220; padding_2_tablet=&#8220;20px|||&#8220; padding_2_last_edited=&#8220;on|phone&#8220; _builder_version=&#8220;3.22.7&#8243; min_height=&#8220;236px&#8220;][et_pb_column type=&#8220;4_4&#8243; _builder_version=&#8220;3.0.47&#8243;][et_pb_image _builder_version=&#8220;3.22.7&#8243;][\/et_pb_image][et_pb_image src=&#8220;https:\/\/ib-dd.de\/wp-content\/uploads\/2019\/06\/LOGO_IRN.png&#8220; align=&#8220;center&#8220; _builder_version=&#8220;3.22.7&#8243;][\/et_pb_image][\/et_pb_column][\/et_pb_row][\/et_pb_section][et_pb_section fb_built=&#8220;1&#8243; _builder_version=&#8220;3.22.7&#8243; custom_padding=&#8220;14px|||||&#8220;][et_pb_row _builder_version=&#8220;3.22.7&#8243;][et_pb_column type=&#8220;4_4&#8243; _builder_version=&#8220;3.22.7&#8243;][et_pb_text _builder_version=&#8220;3.22.7&#8243; text_font_size_phone=&#8220;14px&#8220; text_font_size_last_edited=&#8220;on|phone&#8220; custom_padding_phone=&#8220;|||30px&#8220; custom_padding_last_edited=&#8220;on|phone&#8220; text_font=&#8220;||||||||&#8220;]<\/p>\n<h2>Datenschutz<\/h2>\n<p>Die Nutzung\u00a0meiner Webseite ist in der Regel ohne Angabe personenbezogener Daten m\u00f6glich. Soweit auf\u00a0meinen Seiten personenbezogene Daten (beispielsweise Name, Anschrift oder eMail-Adressen) erhoben werden, erfolgt dies, soweit m\u00f6glich, stets auf freiwilliger Basis. Diese Daten werden ohne Ihre ausdr\u00fcckliche Zustimmung nicht an Dritte weitergegeben.\u00a0Ich weise darauf hin, dass die Daten\u00fcbertragung im Internet (z.B. bei der Kommunikation per E-Mail) Sicherheitsl\u00fccken aufweisen kann. Ein l\u00fcckenloser Schutz der Daten vor dem Zugriff durch Dritte ist nicht m\u00f6glich. Der Nutzung von im Rahmen der Impressumspflicht ver\u00f6ffentlichten Kontaktdaten durch Dritte zur \u00dcbersendung von nicht ausdr\u00fccklich angeforderter Werbung und Informationsmaterialien wird hiermit ausdr\u00fccklich widersprochen. Die Betreiber der Seiten behalten sich ausdr\u00fccklich rechtliche Schritte im Falle der unverlangten Zusendung von Werbeinformationen, etwa durch Spam-Mails, vor.[\/et_pb_text][\/et_pb_column][\/et_pb_row][\/et_pb_section]<\/p>\n","protected":false},"excerpt":{"rendered":"<p>Datenschutz Die Nutzung\u00a0meiner Webseite ist in der Regel ohne Angabe personenbezogener Daten m\u00f6glich. Soweit auf\u00a0meinen Seiten personenbezogene Daten (beispielsweise Name, Anschrift oder eMail-Adressen) erhoben werden, erfolgt dies, soweit m\u00f6glich, stets auf freiwilliger Basis. Diese Daten werden ohne Ihre ausdr\u00fcckliche Zustimmung nicht an Dritte weitergegeben.\u00a0Ich weise darauf hin, dass die Daten\u00fcbertragung im Internet (z.B. bei der [&hellip;]<\/p>\n","protected":false},"author":1,"featured_media":0,"parent":0,"menu_order":0,"comment_status":"closed","ping_status":"closed","template":"","meta":{"_et_pb_use_builder":"on","_et_pb_old_content":"","_et_gb_content_width":"","footnotes":""},"class_list":["post-181","page","type-page","status-publish","hentry"],"_links":{"self":[{"href":"https:\/\/ib-dd.de\/index.php?rest_route=\/wp\/v2\/pages\/181","targetHints":{"allow":["GET"]}}],"collection":[{"href":"https:\/\/ib-dd.de\/index.php?rest_route=\/wp\/v2\/pages"}],"about":[{"href":"https:\/\/ib-dd.de\/index.php?rest_route=\/wp\/v2\/types\/page"}],"author":[{"embeddable":true,"href":"https:\/\/ib-dd.de\/index.php?rest_route=\/wp\/v2\/users\/1"}],"replies":[{"embeddable":true,"href":"https:\/\/ib-dd.de\/index.php?rest_route=%2Fwp%2Fv2%2Fcomments&post=181"}],"version-history":[{"count":5,"href":"https:\/\/ib-dd.de\/index.php?rest_route=\/wp\/v2\/pages\/181\/revisions"}],"predecessor-version":[{"id":290,"href":"https:\/\/ib-dd.de\/index.php?rest_route=\/wp\/v2\/pages\/181\/revisions\/290"}],"wp:attachment":[{"href":"https:\/\/ib-dd.de\/index.php?rest_route=%2Fwp%2Fv2%2Fmedia&parent=181"}],"curies":[{"name":"wp","href":"https:\/\/api.w.org\/{rel}","templated":true}]}}